{"id":41,"date":"2011-02-23T12:08:56","date_gmt":"2011-02-23T11:08:56","guid":{"rendered":"http:\/\/localhost\/wordpress\/?page_id=41"},"modified":"2026-02-24T12:08:22","modified_gmt":"2026-02-24T12:08:22","slug":"norens-malmgard-hotell-och-pensionat","status":"publish","type":"page","link":"https:\/\/www.norens.com\/","title":{"rendered":"V\u00c4LKOMMEN"},"content":{"rendered":"<h1><\/h1>\n<h1><\/h1>\n<h1 style=\"margin-bottom: 5px; margin-top: 0px;\">Villa Nor\u00e9n\/Nor\u00e9ns Malmg\u00e5rd<\/h1>\n<p>Vi driver ett litet hotell i v\u00e5r villa som byggdes 1922. Det \u00e4r bel\u00e4get i ett lugnt omr\u00e5de vid Skinnarviksparken p\u00e5 S\u00f6dermalm och har en av Stockholms vackraste utsikter mot Stadshuset och Riddarfj\u00e4rden.<\/p>\n<p>H\u00e4rifr\u00e5n har ni n\u00e4ra till allt som Stockholm har att erbjuda s\u00e5som shopping, teatrar, bio, mus\u00e9er, restauranger m.m.<\/p>\n<p>N\u00e4rmaste tunnelbanestation, Zinkensdamm, ligger bara n\u00e5gra minuter bort.<\/p>\n<p>Om ni kommer till oss med bil kan vi f\u00f6r det mesta ordna parkeringsplats p\u00e5 g\u00e5rden.<\/p>\n<p><span style=\"color: #993300;\"><strong>V\u00e5ra telefonnummer: <\/strong><\/span><\/p>\n<p><span style=\"color: #993300;\"><strong>0708-401225<\/strong><\/span><\/p>\n<p><span style=\"color: #993300;\"><strong>08-6696649<\/strong><\/span><\/p>\n<p>&nbsp;<\/p>\n<p>&nbsp;<\/p>\n<p>F\u00f6lj oss g\u00e4rna p\u00e5 Instagram @villanoren<\/p>\n<p>&nbsp;<\/p>\n<p>&nbsp;<\/p>\n<p><a href=\"http:\/\/www.norens.com\/wp-content\/uploads\/2011\/02\/IMG_1795.jpg\"><img loading=\"lazy\" decoding=\"async\" class=\"alignnone size-medium wp-image-198\" title=\"IMG_1795\" src=\"http:\/\/www.norens.com\/wp-content\/uploads\/2011\/02\/IMG_1795-300x300.jpg\" alt=\"\" width=\"300\" height=\"300\" srcset=\"https:\/\/www.norens.com\/wp-content\/uploads\/2011\/02\/IMG_1795-300x300.jpg 300w, https:\/\/www.norens.com\/wp-content\/uploads\/2011\/02\/IMG_1795-150x150.jpg 150w, https:\/\/www.norens.com\/wp-content\/uploads\/2011\/02\/IMG_1795-1024x1024.jpg 1024w\" sizes=\"auto, (max-width: 300px) 100vw, 300px\" \/><\/a><\/p>\n<p>&nbsp;<\/p>\n<p><strong>Hj\u00e4rtligt V\u00e4lkommen till oss!<\/strong><\/p>\n<p>Margareta, G\u00f6ran och Lotta.<\/p>\n<p>Skinnarviksringen 14 a<\/p>\n<p>117 27 Stockholm<\/p>\n<p>&nbsp;<\/p>\n<p>Margareta Nor\u00e9n 0708-401225<\/p>\n<p>Lotta Nor\u00e9n 0709-561140<\/p>\n<p style=\"text-align: justify;\"><span style=\"color: #ff0000;\"><span style=\"text-decoration: line-through;\">\u00a0<\/span><\/span><\/p>\n<p>info@norens.com<\/p>\n","protected":false},"excerpt":{"rendered":"<p>Villa Nor\u00e9n\/Nor\u00e9ns Malmg\u00e5rd Vi driver ett litet hotell i v\u00e5r villa som byggdes 1922. Det \u00e4r bel\u00e4get i ett lugnt omr\u00e5de vid Skinnarviksparken p\u00e5 S\u00f6dermalm och har en av Stockholms vackraste utsikter mot Stadshuset och Riddarfj\u00e4rden. H\u00e4rifr\u00e5n har ni n\u00e4ra till allt som Stockholm har att erbjuda s\u00e5som shopping, teatrar, bio, mus\u00e9er, restauranger m.m. N\u00e4rmaste [&hellip;]<\/p>\n","protected":false},"author":1,"featured_media":0,"parent":0,"menu_order":0,"comment_status":"closed","ping_status":"closed","template":"","meta":{"footnotes":""},"class_list":["post-41","page","type-page","status-publish","hentry"],"_links":{"self":[{"href":"https:\/\/www.norens.com\/index.php?rest_route=\/wp\/v2\/pages\/41","targetHints":{"allow":["GET"]}}],"collection":[{"href":"https:\/\/www.norens.com\/index.php?rest_route=\/wp\/v2\/pages"}],"about":[{"href":"https:\/\/www.norens.com\/index.php?rest_route=\/wp\/v2\/types\/page"}],"author":[{"embeddable":true,"href":"https:\/\/www.norens.com\/index.php?rest_route=\/wp\/v2\/users\/1"}],"replies":[{"embeddable":true,"href":"https:\/\/www.norens.com\/index.php?rest_route=%2Fwp%2Fv2%2Fcomments&post=41"}],"version-history":[{"count":33,"href":"https:\/\/www.norens.com\/index.php?rest_route=\/wp\/v2\/pages\/41\/revisions"}],"predecessor-version":[{"id":304,"href":"https:\/\/www.norens.com\/index.php?rest_route=\/wp\/v2\/pages\/41\/revisions\/304"}],"wp:attachment":[{"href":"https:\/\/www.norens.com\/index.php?rest_route=%2Fwp%2Fv2%2Fmedia&parent=41"}],"curies":[{"name":"wp","href":"https:\/\/api.w.org\/{rel}","templated":true}]}}